{"id":15745,"date":"2022-07-22T09:50:09","date_gmt":"2022-07-22T13:50:09","guid":{"rendered":"https:\/\/www.esad.ulaval.ca\/?page_id=15745"},"modified":"2022-07-22T09:50:09","modified_gmt":"2022-07-22T13:50:09","slug":"alexandre-lebel","status":"publish","type":"page","link":"https:\/\/esad.faaad.ulaval.ca\/en\/staff\/professors\/alexandre-lebel","title":{"rendered":"Alexandre Lebel"},"content":{"rendered":"<div class=\"membre-personnel__list\"><div class=\"row \"><h1>Alexandre Lebel<\/h1>\n<div class=\"col col-md-2 no-padding photo-membre-personnel\"><img loading=\"lazy\" decoding=\"async\" width=\"120\" height=\"160\" class=\"photo-gauche\" src=\"https:\/\/www.esad.ulaval.ca\/files\/esad\/alexandrelebel.jpg\" border=\"0\" title=\"Alexandre Lebel\"  alt=\"Alexandre Lebel\" \/><\/div><div class=\"col col-md-10\"><p>Ph.D.<br>Professor<br>Head of ESAD<br>Pavillon F\u00e9lix-Antoine-Savard, bureau 1644<br>418 656-2131, poste 402578<br><a  href=\"javascript:smae_decode('YWxleGFuZHJlLmxlYmVsQGVzYWQudWxhdmFsLmNh');\" >alexandre.lebel@esad.ulaval.ca<\/a><br><span class='normes-ul-pied-page reseau-sociaux__personnel'><a target='_blank' href='https:\/\/orcid.org\/0000-0001-6774-7633'><img alt='Orcid' height='25' width='25' style='margin-top: 5px; margin-right: 2px' src='\/wp-content\/themes\/faaad-parent\/assets\/images\/elements-generaux\/icone-orcid.png'\/><\/a><a target='_blank' href='https:\/\/scholar.google.ca\/citations?user=NBcJNaYAAAAJ&hl=fr'><img alt='Google Scholar' height='25' width='25' style='margin-top: 3px; margin-right: 2px'  src='\/wp-content\/themes\/faaad-parent\/assets\/images\/elements-generaux\/icone-google-scholar.png'\/><\/a><a target='_blank' href='https:\/\/www.researchgate.net\/profile\/Alexandre-Lebel'><img alt='ResearchGate' height='25' width='25' style='margin-top: 5px; margin-right: 2px'  src='\/wp-content\/themes\/faaad-parent\/assets\/images\/elements-generaux\/icone-researchgate.png'\/><\/a><a target='_blank' href='https:\/\/independent.academia.edu\/AlexandreLebel'><img alt='Academia' height='25' width='25' style='margin-top: 5px; margin-right: 2px'  src='\/wp-content\/themes\/faaad-parent\/assets\/images\/elements-generaux\/icone-Academia.png'\/><\/a><\/span><\/p><\/div><\/div><div class='fiche-personnel'><p>Alexandre Lebel completed his undergraduate studies in physical geography and geographic information systems at Universit\u00e9 Laval (2003). He pursued his master\u2019s degree (2005) and doctorate (2010) in land use planning and regional development on social and territorial inequalities in health, with regard to the geography of overweight in Quebec. He did a postdoctoral on these same topics and on the use of multilevel analysis methods at the Harvard School of Public Health (2012).<\/p>\n<p>He is now professor at the \u00c9cole sup\u00e9rieure d&#8217;am\u00e9nagement du territoire et de d\u00e9veloppement r\u00e9gional (\u00c9SAD) at Laval University, where he is director of the Ph.D program. His teaching focuses on sustainable living environments and public health.<\/p>\n<p>His research interests lie mainly in assisting decision-making in spatial planning through the implementation of health impact assessment (HIA) at the municipal level, as well as by multi-level modelling of phenomena affecting lifestyle and social inequalities in health. He leads the Plateforme d&#8217;\u00e9valuation en pr\u00e9vention de l&#8217;obesit\u00e9 (<a href=\"https:\/\/evaluation-prevention-obesite.ulaval.ca\/\" target=\"_blank\" rel=\"noopener\">P\u00c9PO<\/a>) at the Research Centre of the Institut universitaire de cardiologie et de pneumologie de Qu\u00e9bec (CRIUCPQ), as well as the Interdisciplinary Research Partnership-Action in Planning and Decision Support for Social Equity (<a href=\"https:\/\/www.crad.ulaval.ca\/regroupements\/regroupement?Equipe=17\" target=\"_blank\" rel=\"noopener\">PIRAMIDES<\/a>).<\/p>\n<\/div><div class='fiche-personnel'><\/div><\/div>\n","protected":false},"excerpt":{"rendered":"","protected":false},"author":130,"featured_media":0,"parent":4898,"menu_order":35,"comment_status":"closed","ping_status":"closed","template":"","meta":{"_acf_changed":false,"ngg_post_thumbnail":0,"footnotes":""},"class_list":["post-15745","page","type-page","status-publish","hentry"],"acf":[],"_links":{"self":[{"href":"https:\/\/esad.faaad.ulaval.ca\/en\/wp-json\/wp\/v2\/pages\/15745","targetHints":{"allow":["GET"]}}],"collection":[{"href":"https:\/\/esad.faaad.ulaval.ca\/en\/wp-json\/wp\/v2\/pages"}],"about":[{"href":"https:\/\/esad.faaad.ulaval.ca\/en\/wp-json\/wp\/v2\/types\/page"}],"author":[{"embeddable":true,"href":"https:\/\/esad.faaad.ulaval.ca\/en\/wp-json\/wp\/v2\/users\/130"}],"replies":[{"embeddable":true,"href":"https:\/\/esad.faaad.ulaval.ca\/en\/wp-json\/wp\/v2\/comments?post=15745"}],"version-history":[{"count":1,"href":"https:\/\/esad.faaad.ulaval.ca\/en\/wp-json\/wp\/v2\/pages\/15745\/revisions"}],"predecessor-version":[{"id":15746,"href":"https:\/\/esad.faaad.ulaval.ca\/en\/wp-json\/wp\/v2\/pages\/15745\/revisions\/15746"}],"up":[{"embeddable":true,"href":"https:\/\/esad.faaad.ulaval.ca\/en\/wp-json\/wp\/v2\/pages\/4898"}],"wp:attachment":[{"href":"https:\/\/esad.faaad.ulaval.ca\/en\/wp-json\/wp\/v2\/media?parent=15745"}],"curies":[{"name":"wp","href":"https:\/\/api.w.org\/{rel}","templated":true}]}}