{"id":4638,"date":"2012-08-30T15:29:14","date_gmt":"2012-08-30T19:29:14","guid":{"rendered":"http:\/\/www.esad.ulaval.ca\/?page_id=4638"},"modified":"2018-09-28T11:11:19","modified_gmt":"2018-09-28T15:11:19","slug":"phd-atdr","status":"publish","type":"page","link":"https:\/\/esad.faaad.ulaval.ca\/en\/programs\/phd-atdr","title":{"rendered":"PhD in ATDR"},"content":{"rendered":"<h1>PhD in <em>Am\u00e9nagement du territoire et d\u00e9veloppement r\u00e9gional<\/em> (ATDR)<\/h1>\n<h2>About the program<\/h2>\n<p>A PhD in <em>Am\u00e9nagement du territoire et d\u00e9veloppement r\u00e9gional<\/em> (ATDR) is a 4-year doctoral program in themes relating to research activities at the Centre for Planning and Development (CRAD), including urban dynamics, regional vitality, sustainable development, environmental protection, transportation and practice innovation. Upon completion of the program, graduates will acquire the necessary skills to work in a multidisciplinary context and increase the knowledge in their area of expertise.<\/p>\n<h2>Eligibility<\/h2>\n<p>Candidates must come from various academic or professional backgrounds and hold a graduate degree (Master\u2019s or equivalent). Prior to applying, it is compulsory that candidates contact a professor whose research interests best correspond to theirs, AND, must obtain necessary funding (bursary or grant). Federal and provincial bursaries being merit-based and highly competitive, applicants should have prior research experience and an above-average academic record. Although many required readings are in English, all classroom lectures and interaction are carried out in French. Students must therefore be fluent or nearly fluent in French. Candidates requiring remedial language courses may be admitted on a case-by-case basis.<\/p>\n<h2>Career Opportunities<\/h2>\n<p>Graduates with a PhD in ATDR pursue careers in academia in Quebec, elsewhere in Canada, or abroad. A certain number of graduates work in public or private organisations outside the university or act as consultants in their area of expertise. Although the degree does NOT give graduates the title of urban planner in Canada, it is, however, recognized by the APERAU and permits access to the profession in several other French-speaking countries.<\/p>\n<h2>Program Particulars<\/h2>\n<ul>\n<li>Admitted candidates may be eligible for additional financial aide through bursaries, grants or assistantships during their first 4 years.<\/li>\n<li>Foreign students can apply for exemption from additional fees.<\/li>\n<li>Opportunity to conduct a research internship abroad<\/li>\n<li>Participation in research activities at the <em>Centre de recherche en am\u00e9nagement et d\u00e9veloppement <\/em>(CRAD)<\/li>\n<li>Admission: rolling (contingent upon available funding and contact with a potential research director)<\/li>\n<\/ul>\n<h2>Teaching Philosophy<\/h2>\n<p>The PhD program in <em>Am\u00e9nagement du territoire et d\u00e9veloppement regional<\/em> seeks to develop future academics, researchers and professionals versed in the latest methods of research and analysis. The emphasis on applied research promotes the development of dissertations that bridge academia and practice, as well as produces graduates who can become participants and advisors in the territorial decision-making process. PhD candidates are involved in the research activities at the <em>Centre de recherche en am\u00e9nagement et d\u00e9veloppement<\/em> (CRAD) where they often participate in writing scientific articles, presentations at academic conferences, supervise undergraduates or aid in teaching classes. The opportunity to conduct a research internship abroad also familiarizes the candidate with other research laboratories and contexts while gaining feedback or acquiring new skills applicable to their own doctoral research.<\/p>\n<p><a href=\"http:\/\/www.esad.ulaval.ca\/programmes\/doctorat-amenagement.html#information-a-5\">Learning Path (FR)<\/a><\/p>\n","protected":false},"excerpt":{"rendered":"<p>PhD in Am\u00e9nagement du territoire et d\u00e9veloppement r\u00e9gional (ATDR) About the program A PhD in Am\u00e9nagement du territoire et d\u00e9veloppement r\u00e9gional (ATDR) is a 4-year doctoral program in themes relating to research activities at the Centre for Planning and Development (CRAD), including urban dynamics, regional vitality, sustainable development, environmental protection, transportation and practice innovation. Upon [&hellip;]<\/p>\n","protected":false},"author":7,"featured_media":0,"parent":4596,"menu_order":67,"comment_status":"closed","ping_status":"closed","template":"site-commun.php","meta":{"_acf_changed":false,"ngg_post_thumbnail":0,"footnotes":""},"class_list":["post-4638","page","type-page","status-publish","hentry"],"acf":[],"_links":{"self":[{"href":"https:\/\/esad.faaad.ulaval.ca\/en\/wp-json\/wp\/v2\/pages\/4638","targetHints":{"allow":["GET"]}}],"collection":[{"href":"https:\/\/esad.faaad.ulaval.ca\/en\/wp-json\/wp\/v2\/pages"}],"about":[{"href":"https:\/\/esad.faaad.ulaval.ca\/en\/wp-json\/wp\/v2\/types\/page"}],"author":[{"embeddable":true,"href":"https:\/\/esad.faaad.ulaval.ca\/en\/wp-json\/wp\/v2\/users\/7"}],"replies":[{"embeddable":true,"href":"https:\/\/esad.faaad.ulaval.ca\/en\/wp-json\/wp\/v2\/comments?post=4638"}],"version-history":[{"count":5,"href":"https:\/\/esad.faaad.ulaval.ca\/en\/wp-json\/wp\/v2\/pages\/4638\/revisions"}],"predecessor-version":[{"id":11719,"href":"https:\/\/esad.faaad.ulaval.ca\/en\/wp-json\/wp\/v2\/pages\/4638\/revisions\/11719"}],"up":[{"embeddable":true,"href":"https:\/\/esad.faaad.ulaval.ca\/en\/wp-json\/wp\/v2\/pages\/4596"}],"wp:attachment":[{"href":"https:\/\/esad.faaad.ulaval.ca\/en\/wp-json\/wp\/v2\/media?parent=4638"}],"curies":[{"name":"wp","href":"https:\/\/api.w.org\/{rel}","templated":true}]}}