{"id":4659,"date":"2012-08-31T09:44:08","date_gmt":"2012-08-31T13:44:08","guid":{"rendered":"http:\/\/www.esad.ulaval.ca\/?page_id=4659"},"modified":"2012-12-18T12:38:30","modified_gmt":"2012-12-18T16:38:30","slug":"mission","status":"publish","type":"page","link":"https:\/\/esad.faaad.ulaval.ca\/en\/about-us\/mission","title":{"rendered":"Mission"},"content":{"rendered":"<h1>Mission<\/h1>\n<p>The principal mission of <em>\u00c9cole sup\u00e9rieure d\u2019am\u00e9nagement du territoire et de d\u00e9veloppement regional<\/em> (\u00c9SAD) of Laval University is to train the land use planning and regional development professionals and researchers of tomorrow.\u00a0 Over the course of their studies, graduates acquire a solid, practical and theoretical foundation in regional development, urban planning, environmental ecology, transportation and environment.\u00a0 The Master\u2019s programs are accredited by the Quebec Order of Urban Planners and the Canadian Institute of Planners, and are recognized in French-speaking countries by the <em>Association pour la promotion de l\u2019enseignement et de la recherche en am\u00e9nagement urbanisme<\/em> (APERAU).<\/p>\n<p>One of North America\u2019s oldest cities, Quebec City, offers students at \u00c9SAD a glimpse of European and North American planning principles, serving as a living laboratory for studies performed inside the classroom or in the field.\u00a0 From the 18<sup>th<\/sup> century urban fabric of the old city and the sprawling suburban periphery to various environmental protection and sustainable design policies, Quebec City is both a point of reference and an object of study for teaching and research at \u00c9SAD.\u00a0 As part of its effort to train future urban planners capable of balancing local and global issues, \u00c9SAD encourages its students to study abroad.\u00a0 The school has agreements with several universities in Europe (Spain, France, Ireland, Switzerland), in the US or in Brazil, where students may complete a portion of their studies.<\/p>\n<p>Graduates of \u00c9SAD acquire the necessary skills to participate in the territorial decision-making process and are active locally or internationally in government and para-government organisations, in private firms or in non-profit organizations that are particularly environmentally related.\u00a0 Several graduates pursue doctoral studies either at the \u00c9SAD or abroad.<\/p>\n","protected":false},"excerpt":{"rendered":"<p>Mission The principal mission of \u00c9cole sup\u00e9rieure d\u2019am\u00e9nagement du territoire et de d\u00e9veloppement regional (\u00c9SAD) of Laval University is to train the land use planning and regional development professionals and researchers of tomorrow.\u00a0 Over the course of their studies, graduates acquire a solid, practical and theoretical foundation in regional development, urban planning, environmental ecology, transportation [&hellip;]<\/p>\n","protected":false},"author":7,"featured_media":0,"parent":4662,"menu_order":41,"comment_status":"closed","ping_status":"closed","template":"site-commun.php","meta":{"_acf_changed":false,"ngg_post_thumbnail":0,"footnotes":""},"class_list":["post-4659","page","type-page","status-publish","hentry"],"acf":[],"_links":{"self":[{"href":"https:\/\/esad.faaad.ulaval.ca\/en\/wp-json\/wp\/v2\/pages\/4659","targetHints":{"allow":["GET"]}}],"collection":[{"href":"https:\/\/esad.faaad.ulaval.ca\/en\/wp-json\/wp\/v2\/pages"}],"about":[{"href":"https:\/\/esad.faaad.ulaval.ca\/en\/wp-json\/wp\/v2\/types\/page"}],"author":[{"embeddable":true,"href":"https:\/\/esad.faaad.ulaval.ca\/en\/wp-json\/wp\/v2\/users\/7"}],"replies":[{"embeddable":true,"href":"https:\/\/esad.faaad.ulaval.ca\/en\/wp-json\/wp\/v2\/comments?post=4659"}],"version-history":[{"count":3,"href":"https:\/\/esad.faaad.ulaval.ca\/en\/wp-json\/wp\/v2\/pages\/4659\/revisions"}],"predecessor-version":[{"id":5925,"href":"https:\/\/esad.faaad.ulaval.ca\/en\/wp-json\/wp\/v2\/pages\/4659\/revisions\/5925"}],"up":[{"embeddable":true,"href":"https:\/\/esad.faaad.ulaval.ca\/en\/wp-json\/wp\/v2\/pages\/4662"}],"wp:attachment":[{"href":"https:\/\/esad.faaad.ulaval.ca\/en\/wp-json\/wp\/v2\/media?parent=4659"}],"curies":[{"name":"wp","href":"https:\/\/api.w.org\/{rel}","templated":true}]}}