{"id":4899,"date":"2012-09-18T16:18:23","date_gmt":"2012-09-18T20:18:23","guid":{"rendered":"http:\/\/www.esad.ulaval.ca\/?page_id=4899"},"modified":"2012-12-18T12:40:34","modified_gmt":"2012-12-18T16:40:34","slug":"lecturers","status":"publish","type":"page","link":"https:\/\/esad.faaad.ulaval.ca\/en\/staff\/lecturers","title":{"rendered":"Lecturers"},"content":{"rendered":"<h1>Lecturers<\/h1>\n<div class=\"membre-personnel\"><div class=\"membre-personnel__list\"><div class=\"row membre-personnel__block\"><div class=\"col col-md-2 no-padding photo-membre-personnel\"><img loading=\"lazy\" decoding=\"async\" width=\"120\" height=\"160\" class=\"photo-gauche\" src=\"https:\/\/www.esad.ulaval.ca\/files\/esad\/PhotoBoucherIsabelle2.jpg\" border=\"0\" title=\"Isabelle Boucher\"  alt=\"Isabelle Boucher\" \/><\/div><div class=\"col col-md-10\"><p><strong>Isabelle Boucher<\/strong><br><br>Minist\u00e8re des Affaires municipales et de l'Habitation du Qu\u00e9bec (MAMH)<br><a  href=\"javascript:smae_decode('aXNhYmVsbGUuYm91Y2hlckBtYW1oLmdvdXYucWMuY2E=');\" >isabelle.boucher@mamh.gouv.qc.ca<\/a><\/p><\/div><\/div><div class=\"row membre-personnel__block\"><div class=\"col col-md-2 no-padding photo-membre-personnel\"><img loading=\"lazy\" decoding=\"async\" width=\"120\" height=\"160\" class=\"photo-gauche\" src=\"https:\/\/www.esad.ulaval.ca\/files\/esad\/PhotoCabanaRegent.jpg\" border=\"0\" title=\"R\u00e9gent Cabana\"  alt=\"R\u00e9gent Cabana\" \/><\/div><div class=\"col col-md-10\"><p><strong>R\u00e9gent Cabana<\/strong><br><br>Pavillon F\u00e9lix-Antoine-Savard<br>418 656-2131, poste 7685<br><a  href=\"javascript:smae_decode('cmVnZW50Y2FiYW5hQGhvdG1haWwuY29t');\" >regentcabana@hotmail.com<\/a><\/p><\/div><\/div><div class=\"row membre-personnel__block\"><div class=\"col col-md-2 no-padding photo-membre-personnel\"><img loading=\"lazy\" decoding=\"async\" width=\"120\" height=\"160\" class=\"photo-gauche\" src=\"https:\/\/www.esad.ulaval.ca\/files\/esad\/PhotoCadoretPVeronique.jpg\" border=\"0\" title=\"V\u00e9ronique Cadoret-Plamondon\"  alt=\"V\u00e9ronique Cadoret-Plamondon\" \/><\/div><div class=\"col col-md-10\"><p><strong>V\u00e9ronique Cadoret-Plamondon<\/strong><br>Planner<br><a  href=\"javascript:smae_decode('dmVyb25pcXVlX2NhZG9yZXRAaG90bWFpbC5jb20=');\" >veronique_cadoret@hotmail.com<\/a><\/p><\/div><\/div><div class=\"row membre-personnel__block\"><div class=\"col col-md-2 no-padding photo-membre-personnel\"><img loading=\"lazy\" decoding=\"async\" width=\"120\" height=\"160\" class=\"photo-gauche\" src=\"\/\/www.esad.ulaval.ca\/files\/esad\/PhotoCharestRene.jpg\" border=\"0\" title=\"Ren\u00e9 Charest\"  alt=\"Ren\u00e9 Charest\" \/><\/div><div class=\"col col-md-10\"><p><strong>Ren\u00e9 Charest<\/strong><br><br>SEPAQ<br>Vice-pr\u00e9sidence exploitation Parcs Qu\u00e9bec<br><a  href=\"javascript:smae_decode('cmVuZS5jaGFyZXN0QGVzYWQudWxhdmFsLmNh');\" >rene.charest@esad.ulaval.ca<\/a><\/p><\/div><\/div><div class=\"row membre-personnel__block\"><div class=\"col col-md-2 no-padding photo-membre-personnel\"><img loading=\"lazy\" decoding=\"async\" width=\"120\" height=\"160\" class=\"photo-gauche\" src=\"https:\/\/www.esad.ulaval.ca\/files\/esad\/PhotoChasseGabriel.jpg\" border=\"0\" title=\"Gabriel Chass\u00e9\"  alt=\"Gabriel Chass\u00e9\" \/><\/div><div class=\"col col-md-10\"><p><strong>Gabriel Chass\u00e9<\/strong><br><br>Ville de Qu\u00e9bec<br><a  href=\"javascript:smae_decode('Z2FicmllbC5jaGFzc2VAZXNhZC51bGF2YWwuY2E=');\" >gabriel.chasse@esad.ulaval.ca<\/a><\/p><\/div><\/div><div class=\"row membre-personnel__block\"><div class=\"col col-md-2 no-padding photo-membre-personnel\"><img loading=\"lazy\" decoding=\"async\" width=\"120\" height=\"160\" class=\"photo-gauche\" src=\"https:\/\/www.esad.ulaval.ca\/files\/esad\/PhotoCollAndreeAnne-1.jpg\" border=\"0\" title=\"Andr\u00e9e-Anne Coll\"  alt=\"Andr\u00e9e-Anne Coll\" \/><\/div><div class=\"col col-md-10\"><p><strong>Andr\u00e9e-Anne Coll<\/strong><br><br>Enclume<br><a  href=\"javascript:smae_decode('YW5kcmVlLWFubmUuY29sbC4xQHVsYXZhbC5jYQ==');\" >andree-anne.coll.1@ulaval.ca<\/a><\/p><\/div><\/div><div class=\"row membre-personnel__block\"><div class=\"col col-md-2 no-padding photo-membre-personnel\"><img loading=\"lazy\" decoding=\"async\" width=\"120\" height=\"160\" class=\"photo-gauche\" src=\"\/\/www.esad.ulaval.ca\/files\/esad\/PhotoDandjinouHerve.jpg\" border=\"0\" title=\"Herv\u00e9 Dandjinou\"  alt=\"Herv\u00e9 Dandjinou\" \/><\/div><div class=\"col col-md-10\"><p><strong>Herv\u00e9 Dandjinou<\/strong><br>M.Sc.<br>CGI<br><a  href=\"javascript:smae_decode('aGVydmUuZGFuZGppbm91LjFAdWxhdmFsLmNh');\" >herve.dandjinou.1@ulaval.ca<\/a><\/p><\/div><\/div><div class=\"row membre-personnel__block\"><div class=\"col col-md-2 no-padding photo-membre-personnel\"><img loading=\"lazy\" decoding=\"async\" width=\"120\" height=\"160\" class=\"photo-gauche\" src=\"http:\/\/www.esad.ulaval.ca\/photofontainenicolas\" border=\"0\" title=\"Nicolas Fontaine\"  alt=\"Nicolas Fontaine\" \/><\/div><div class=\"col col-md-10\"><p><strong>Nicolas Fontaine<\/strong><br>Lecturer<br><a  href=\"javascript:smae_decode('Tmljb2xhcy5mb250YWluZUBtYW1oLmdvdXYucWMuY2E=');\" >Nicolas.fontaine@mamh.gouv.qc.ca<\/a><\/p><\/div><\/div><div class=\"row membre-personnel__block\"><div class=\"col col-md-2 no-padding photo-membre-personnel\"><img loading=\"lazy\" decoding=\"async\" width=\"120\" height=\"160\" class=\"photo-gauche\" src=\"\/\/www.esad.ulaval.ca\/files\/esad\/PhotoGirardRomain.jpg\" border=\"0\" title=\"Romain Girard\"  alt=\"Romain Girard\" \/><\/div><div class=\"col col-md-10\"><p><strong>Romain Girard<\/strong><br><br>Vecteur 5<br><a  href=\"javascript:smae_decode('cm9tYWluLmdpcmFyZC4xQHVsYXZhbC5jYQ==');\" >romain.girard.1@ulaval.ca<\/a><\/p><\/div><\/div><div class=\"row membre-personnel__block\"><div class=\"col col-md-2 no-padding photo-membre-personnel\"><img loading=\"lazy\" decoding=\"async\" width=\"120\" height=\"160\" class=\"photo-gauche\" src=\"https:\/\/www.esad.ulaval.ca\/files\/esad\/PhotoLacroixMarie-Eve.jpg\" border=\"0\" title=\"Marie-\u00c8ve Lacroix\"  alt=\"Marie-\u00c8ve Lacroix\" \/><\/div><div class=\"col col-md-10\"><p><strong>Marie-\u00c8ve Lacroix<\/strong><br><br>Vivre en ville<br><a  href=\"javascript:smae_decode('bWFyaWUtZXZlLmxhY3JvaXhAZXNhZC51bGF2YWwuY2E=');\" >marie-eve.lacroix@esad.ulaval.ca<\/a><\/p><\/div><\/div><div class=\"row membre-personnel__block\"><div class=\"col col-md-2 no-padding photo-membre-personnel\"><img loading=\"lazy\" decoding=\"async\" width=\"120\" height=\"160\" class=\"photo-gauche\" src=\"\/\/www.esad.ulaval.ca\/files\/esad\/PhotoLaurinPierre.jpg\" border=\"0\" title=\"Pierre Laurin\"  alt=\"Pierre Laurin\" \/><\/div><div class=\"col col-md-10\"><p><strong>Pierre Laurin<\/strong><br>LL.B.<br>Tremblay Bois Mignault Lemay avocats<br><\/p><\/div><\/div><div class=\"row membre-personnel__block\"><div class=\"col col-md-2 no-padding photo-membre-personnel\"><img loading=\"lazy\" decoding=\"async\" width=\"120\" height=\"160\" class=\"photo-gauche\" src=\"https:\/\/www.esad.ulaval.ca\/files\/esad\/PhotoMaraisAriane.jpg\" border=\"0\" title=\"Ariane Marais\"  alt=\"Ariane Marais\" \/><\/div><div class=\"col col-md-10\"><p><strong>Ariane Marais<\/strong><br><br><a  href=\"javascript:smae_decode('YXJpYW5lLm1hcmFpcy4xQHVsYXZhbC5jYQ==');\" >ariane.marais.1@ulaval.ca<\/a><\/p><\/div><\/div><div class=\"row membre-personnel__block\"><div class=\"col col-md-2 no-padding photo-membre-personnel\"><img loading=\"lazy\" decoding=\"async\" width=\"120\" height=\"160\" class=\"photo-gauche\" src=\"\/\/www.esad.ulaval.ca\/files\/esad\/PhotoParadisDavid.jpg\" border=\"0\" title=\"David Paradis\"  alt=\"David Paradis\" \/><\/div><div class=\"col col-md-10\"><p><strong>David Paradis<\/strong><br><br>Vivre en ville<br><\/p><\/div><\/div><div class=\"row membre-personnel__block\"><div class=\"col col-md-2 no-padding photo-membre-personnel\"><img loading=\"lazy\" decoding=\"async\" width=\"120\" height=\"160\" class=\"photo-gauche\" src=\"https:\/\/www.esad.ulaval.ca\/files\/esad\/PhotoVervilleAntoine-1.jpg\" border=\"0\" title=\"Antoine Verville\"  alt=\"Antoine Verville\" \/><\/div><div class=\"col col-md-10\"><p><strong>Antoine Verville<\/strong><br><br>Communaut\u00e9 m\u00e9tropolitaine de Qu\u00e9bec<br>418 717-4230<br><a  href=\"javascript:smae_decode('YW50b2luZS52ZXJ2aWxsZUBjbXF1ZWJlYy5xYy5jYQ==');\" >antoine.verville@cmquebec.qc.ca<\/a><\/p><\/div><\/div><\/div>\u00a0<\/div>\n","protected":false},"excerpt":{"rendered":"<p>Lecturers \u00a0<\/p>\n","protected":false},"author":7,"featured_media":0,"parent":4897,"menu_order":9,"comment_status":"closed","ping_status":"closed","template":"site-commun.php","meta":{"_acf_changed":false,"ngg_post_thumbnail":0,"footnotes":""},"class_list":["post-4899","page","type-page","status-publish","hentry"],"acf":[],"_links":{"self":[{"href":"https:\/\/esad.faaad.ulaval.ca\/en\/wp-json\/wp\/v2\/pages\/4899","targetHints":{"allow":["GET"]}}],"collection":[{"href":"https:\/\/esad.faaad.ulaval.ca\/en\/wp-json\/wp\/v2\/pages"}],"about":[{"href":"https:\/\/esad.faaad.ulaval.ca\/en\/wp-json\/wp\/v2\/types\/page"}],"author":[{"embeddable":true,"href":"https:\/\/esad.faaad.ulaval.ca\/en\/wp-json\/wp\/v2\/users\/7"}],"replies":[{"embeddable":true,"href":"https:\/\/esad.faaad.ulaval.ca\/en\/wp-json\/wp\/v2\/comments?post=4899"}],"version-history":[{"count":3,"href":"https:\/\/esad.faaad.ulaval.ca\/en\/wp-json\/wp\/v2\/pages\/4899\/revisions"}],"predecessor-version":[{"id":5954,"href":"https:\/\/esad.faaad.ulaval.ca\/en\/wp-json\/wp\/v2\/pages\/4899\/revisions\/5954"}],"up":[{"embeddable":true,"href":"https:\/\/esad.faaad.ulaval.ca\/en\/wp-json\/wp\/v2\/pages\/4897"}],"wp:attachment":[{"href":"https:\/\/esad.faaad.ulaval.ca\/en\/wp-json\/wp\/v2\/media?parent=4899"}],"curies":[{"name":"wp","href":"https:\/\/api.w.org\/{rel}","templated":true}]}}