{"id":4917,"date":"2012-09-18T16:28:20","date_gmt":"2012-09-18T20:28:20","guid":{"rendered":"http:\/\/www.esad.ulaval.ca\/?page_id=4917"},"modified":"2012-12-18T12:40:42","modified_gmt":"2012-12-18T16:40:42","slug":"administrative","status":"publish","type":"page","link":"https:\/\/esad.faaad.ulaval.ca\/en\/staff\/administrative","title":{"rendered":"Administrative Staff"},"content":{"rendered":"<h1>Administrative Staff<\/h1>\n<div class=\"membre-personnel__list\"><div class=\"row membre-personnel__block\"><div class=\"col col-md-2 no-padding photo-membre-personnel\"><img loading=\"lazy\" decoding=\"async\" width=\"120\" height=\"160\" class=\"photo-gauche\" src=\"https:\/\/www.esad.ulaval.ca\/files\/esad\/PhotoBoumClaireDoria.jpg\" border=\"0\" title=\"Claire Doria Boum\"  alt=\"Claire Doria Boum\" \/><\/div><div class=\"col col-md-10\"><p><strong>Claire Doria Boum<\/strong><br><br>Pavillon F\u00e9lix-Antoine-Savard, bureau 1614<br>418 656-2131, poste 405294<br><a  href=\"javascript:smae_decode('ZXR1ZGVzQGVzYWQudWxhdmFsLmNh');\" >etudes@esad.ulaval.ca<\/a><\/p><\/div><\/div><div class=\"row membre-personnel__block\"><div class=\"col col-md-2 no-padding photo-membre-personnel\"><img loading=\"lazy\" decoding=\"async\" width=\"120\" height=\"160\" class=\"photo-gauche\" src=\"https:\/\/www.esad.ulaval.ca\/files\/esad\/PhotoCoutureEric.jpg\" border=\"0\" title=\"\u00c9ric Couture\"  alt=\"\u00c9ric Couture\" \/><\/div><div class=\"col col-md-10\"><p><strong>\u00c9ric Couture<\/strong><br><br>Pavillon F\u00e9lix-Antoine-Savard, bureau 1616<br>418 656-7685<br><a  href=\"javascript:smae_decode('ZXNhZEBlc2FkLnVsYXZhbC5jYQ==');\" >esad@esad.ulaval.ca<\/a><\/p><\/div><\/div><div class=\"row membre-personnel__block\"><div class=\"col col-md-2 no-padding photo-membre-personnel\"><img loading=\"lazy\" decoding=\"async\" width=\"120\" height=\"160\" class=\"photo-gauche\" src=\"\/\/www.esad.ulaval.ca\/files\/esad\/willemfortin.jpg\" border=\"0\" title=\"Willem Fortin\"  alt=\"Willem Fortin\" \/><\/div><div class=\"col col-md-10\"><p><strong>Willem Fortin<\/strong><br><br>Pavillon F\u00e9lix-Antoine-Savard, bureau 1614<br>418 656-2131, poste 407050<br><a  href=\"javascript:smae_decode('d2lsbGVtLmZvcnRpbkBlc2FkLnVsYXZhbC5jYQ==');\" >willem.fortin@esad.ulaval.ca<\/a><\/p><\/div><\/div><div class=\"row membre-personnel__block\"><div class=\"col col-md-2 no-padding photo-membre-personnel\"><img loading=\"lazy\" decoding=\"async\" width=\"120\" height=\"160\" class=\"photo-gauche\" src=\"https:\/\/www.esad.ulaval.ca\/files\/esad\/barbara-langis-2022-1.jpg\" border=\"0\" title=\"Barbara Langis\"  alt=\"Barbara Langis\" \/><\/div><div class=\"col col-md-10\"><p><strong>Barbara Langis<\/strong><br>Employment Counsellor<br>\u00c9difice de La Fabrique, FAB-2343<br>418 656-3575, poste 404605<br><a  href=\"javascript:smae_decode('YmFyYmFyYS5sYW5naXMuMUB1bGF2YWwuY2E=');\" >barbara.langis.1@ulaval.ca<\/a><\/p><\/div><\/div><div class=\"row membre-personnel__block\"><div class=\"col col-md-2 no-padding photo-membre-personnel\"><img loading=\"lazy\" decoding=\"async\" width=\"120\" height=\"160\" class=\"photo-gauche\" src=\"https:\/\/www.esad.ulaval.ca\/files\/esad\/PhotoLevesqueHelene.jpg\" border=\"0\" title=\"H\u00e9l\u00e8ne L\u00e9vesque\"  alt=\"H\u00e9l\u00e8ne L\u00e9vesque\" \/><\/div><div class=\"col col-md-10\"><p><strong>H\u00e9l\u00e8ne L\u00e9vesque<\/strong><br><br><a  href=\"javascript:smae_decode('aGVsZW5lLmxldmVzcXVlQGFpZGUudWxhdmFsLmNh');\" >helene.levesque@aide.ulaval.ca<\/a><\/p><\/div><\/div><\/div>\n","protected":false},"excerpt":{"rendered":"<p>Administrative Staff<\/p>\n","protected":false},"author":7,"featured_media":0,"parent":4897,"menu_order":47,"comment_status":"closed","ping_status":"closed","template":"site-commun.php","meta":{"_acf_changed":false,"ngg_post_thumbnail":0,"footnotes":""},"class_list":["post-4917","page","type-page","status-publish","hentry"],"acf":[],"_links":{"self":[{"href":"https:\/\/esad.faaad.ulaval.ca\/en\/wp-json\/wp\/v2\/pages\/4917","targetHints":{"allow":["GET"]}}],"collection":[{"href":"https:\/\/esad.faaad.ulaval.ca\/en\/wp-json\/wp\/v2\/pages"}],"about":[{"href":"https:\/\/esad.faaad.ulaval.ca\/en\/wp-json\/wp\/v2\/types\/page"}],"author":[{"embeddable":true,"href":"https:\/\/esad.faaad.ulaval.ca\/en\/wp-json\/wp\/v2\/users\/7"}],"replies":[{"embeddable":true,"href":"https:\/\/esad.faaad.ulaval.ca\/en\/wp-json\/wp\/v2\/comments?post=4917"}],"version-history":[{"count":3,"href":"https:\/\/esad.faaad.ulaval.ca\/en\/wp-json\/wp\/v2\/pages\/4917\/revisions"}],"predecessor-version":[{"id":5956,"href":"https:\/\/esad.faaad.ulaval.ca\/en\/wp-json\/wp\/v2\/pages\/4917\/revisions\/5956"}],"up":[{"embeddable":true,"href":"https:\/\/esad.faaad.ulaval.ca\/en\/wp-json\/wp\/v2\/pages\/4897"}],"wp:attachment":[{"href":"https:\/\/esad.faaad.ulaval.ca\/en\/wp-json\/wp\/v2\/media?parent=4917"}],"curies":[{"name":"wp","href":"https:\/\/api.w.org\/{rel}","templated":true}]}}