{"id":4942,"date":"2012-09-20T10:44:33","date_gmt":"2012-09-20T14:44:33","guid":{"rendered":"http:\/\/www.esad.ulaval.ca\/?page_id=4942"},"modified":"2012-12-18T12:39:55","modified_gmt":"2012-12-18T16:39:55","slug":"mario-carrier","status":"publish","type":"page","link":"https:\/\/esad.faaad.ulaval.ca\/en\/staff\/professors\/mario-carrier","title":{"rendered":"Mario Carrier"},"content":{"rendered":"<div class=\"membre-personnel__list\"><div class=\"row \"><h1>Mario Carrier<\/h1>\n<div class=\"col col-md-2 no-padding photo-membre-personnel\"><img loading=\"lazy\" decoding=\"async\" width=\"120\" height=\"160\" class=\"photo-gauche\" src=\"https:\/\/www.esad.ulaval.ca\/files\/esad\/mariocarrier.jpg\" border=\"0\" title=\"Mario Carrier\"  alt=\"Mario Carrier\" \/><\/div><div class=\"col col-md-10\"><p>Ph.D., OUQ<br>Professor<br>Pavillon F\u00e9lix-Antoine-Savard, bureau 1646<br>418 656-2131, poste 405814<br><a  href=\"javascript:smae_decode('bWFyaW8uY2FycmllckBlc2FkLnVsYXZhbC5jYQ==');\" >mario.carrier@esad.ulaval.ca<\/a><br><span class='normes-ul-pied-page reseau-sociaux__personnel'><a target='_blank' href='https:\/\/www.linkedin.com\/in\/mario-carrier-82138743\/?originalSubdomain=ca'><img alt='LinkedIn' height='25' width='25' style='margin-top: 5px; margin-right: 2px' src='\/wp-content\/themes\/faaad-parent\/assets\/images\/elements-generaux\/icone-linkedin.png'\/><\/a><a target='_blank' href='https:\/\/www.researchgate.net\/profile\/Mario-Carrier-2'><img alt='ResearchGate' height='25' width='25' style='margin-top: 5px; margin-right: 2px'  src='\/wp-content\/themes\/faaad-parent\/assets\/images\/elements-generaux\/icone-researchgate.png'\/><\/a><a target='_blank' href='https:\/\/independent.academia.edu\/MarioCarrier'><img alt='Academia' height='25' width='25' style='margin-top: 5px; margin-right: 2px'  src='\/wp-content\/themes\/faaad-parent\/assets\/images\/elements-generaux\/icone-Academia.png'\/><\/a><\/span><\/p><\/div><\/div><div class='fiche-personnel'><p>Mario Carrier is a professional urban planner and sociologist. He has a Bachelor\u2019s degree in sociology (1983), a Master\u2019s in Regional Planning and Development (ATDR) (1986), and a PhD in Economic Sociology (1992), all three from Laval University. He was a professor in the Department of Science Management at the University of Quebec in Abitibi-T\u00e9miscamingue (UQAT), where he was director of the Desjardins Chair in the Development of Small Communities from 1996 to 2001. He is currently a professor at \u00c9cole sup\u00e9rieure d\u2019am\u00e9nagement du territoire et de d\u00e9veloppement r\u00e9gional (\u00c9SAD) (Graduate School of Regional Planning and Development) at Laval University, where he has pursued his career since 2002, and where he teaches local and regional development. His research focuses mainly on the issues of economic development, innovation networks of companies, territorial governance, public policy tools relating to development matters, planning and the environment. Since 2002, he has been a member of the Centre for Research in Planning and Development (CRAD) at Laval University.<\/p>\n<\/div><div class='fiche-personnel'><\/div><\/div>\n","protected":false},"excerpt":{"rendered":"","protected":false},"author":7,"featured_media":0,"parent":4898,"menu_order":22,"comment_status":"closed","ping_status":"closed","template":"site-commun.php","meta":{"_acf_changed":false,"ngg_post_thumbnail":0,"footnotes":""},"class_list":["post-4942","page","type-page","status-publish","hentry"],"acf":[],"_links":{"self":[{"href":"https:\/\/esad.faaad.ulaval.ca\/en\/wp-json\/wp\/v2\/pages\/4942","targetHints":{"allow":["GET"]}}],"collection":[{"href":"https:\/\/esad.faaad.ulaval.ca\/en\/wp-json\/wp\/v2\/pages"}],"about":[{"href":"https:\/\/esad.faaad.ulaval.ca\/en\/wp-json\/wp\/v2\/types\/page"}],"author":[{"embeddable":true,"href":"https:\/\/esad.faaad.ulaval.ca\/en\/wp-json\/wp\/v2\/users\/7"}],"replies":[{"embeddable":true,"href":"https:\/\/esad.faaad.ulaval.ca\/en\/wp-json\/wp\/v2\/comments?post=4942"}],"version-history":[{"count":3,"href":"https:\/\/esad.faaad.ulaval.ca\/en\/wp-json\/wp\/v2\/pages\/4942\/revisions"}],"predecessor-version":[{"id":5945,"href":"https:\/\/esad.faaad.ulaval.ca\/en\/wp-json\/wp\/v2\/pages\/4942\/revisions\/5945"}],"up":[{"embeddable":true,"href":"https:\/\/esad.faaad.ulaval.ca\/en\/wp-json\/wp\/v2\/pages\/4898"}],"wp:attachment":[{"href":"https:\/\/esad.faaad.ulaval.ca\/en\/wp-json\/wp\/v2\/media?parent=4942"}],"curies":[{"name":"wp","href":"https:\/\/api.w.org\/{rel}","templated":true}]}}