{"id":4945,"date":"2012-09-20T10:49:18","date_gmt":"2012-09-20T14:49:18","guid":{"rendered":"http:\/\/www.esad.ulaval.ca\/?page_id=4945"},"modified":"2012-12-18T12:40:02","modified_gmt":"2012-12-18T16:40:02","slug":"claude-lavoie","status":"publish","type":"page","link":"https:\/\/esad.faaad.ulaval.ca\/en\/staff\/professors\/claude-lavoie","title":{"rendered":"Claude Lavoie"},"content":{"rendered":"<div class=\"membre-personnel__list\"><div class=\"row \"><h1>Claude Lavoie<\/h1>\n<div class=\"col col-md-2 no-padding photo-membre-personnel\"><img loading=\"lazy\" decoding=\"async\" width=\"120\" height=\"160\" class=\"photo-gauche\" src=\"https:\/\/www.esad.ulaval.ca\/files\/esad\/claudelavoie.jpg\" border=\"0\" title=\"Claude Lavoie\"  alt=\"Claude Lavoie\" \/><\/div><div class=\"col col-md-10\"><p>Ph.D.<br>Professor<br>Pavillon F\u00e9lix-Antoine-Savard, bureau 1642<br>418 656-2131, poste 405375<br><a  href=\"javascript:smae_decode('Y2xhdWRlLmxhdm9pZUBlc2FkLnVsYXZhbC5jYQ==');\" >claude.lavoie@esad.ulaval.ca<\/a><br><span class='normes-ul-pied-page reseau-sociaux__personnel'><a target='_blank' href='https:\/\/www.linkedin.com\/in\/claude-lavoie-78793035\/?originalSubdomain=ca'><img alt='LinkedIn' height='25' width='25' style='margin-top: 5px; margin-right: 2px' src='\/wp-content\/themes\/faaad-parent\/assets\/images\/elements-generaux\/icone-linkedin.png'\/><\/a><a target='_blank' href='https:\/\/orcid.org\/0000-0001-6510-5178'><img alt='Orcid' height='25' width='25' style='margin-top: 5px; margin-right: 2px' src='\/wp-content\/themes\/faaad-parent\/assets\/images\/elements-generaux\/icone-orcid.png'\/><\/a><a target='_blank' href='https:\/\/scholar.google.com\/citations?user=Q00ktPsAAAAJ&hl=fr'><img alt='Google Scholar' height='25' width='25' style='margin-top: 3px; margin-right: 2px'  src='\/wp-content\/themes\/faaad-parent\/assets\/images\/elements-generaux\/icone-google-scholar.png'\/><\/a><a target='_blank' href='https:\/\/www.researchgate.net\/profile\/Claude-Lavoie-2'><img alt='ResearchGate' height='25' width='25' style='margin-top: 5px; margin-right: 2px'  src='\/wp-content\/themes\/faaad-parent\/assets\/images\/elements-generaux\/icone-researchgate.png'\/><\/a><\/span><\/p><\/div><\/div><div class='fiche-personnel'><p>&nbsp;<\/p>\n<p>Claude Lavoie is a professional biologist. He holds a Bachelor\u2019s degree in Biological Sciences from the University of Montreal (1988), a Master\u2019s (1990) and a PhD (1994) in Biology from Laval University. He also held postdoctoral positions at Laval University (1994-1995) and the Institute of Arctic and Alpine Research at the University of Colorado (1995-1996). He is the Department Head of the \u00c9cole sup\u00e9rieure d\u2019am\u00e9nagement du territoire et de d\u00e9veloppement r\u00e9gional &#8211; \u00c9SAD (Graduate School of Environmental Planning and Regional Development) at Laval University, where he has taught since 1996. He is a specialist in the ecology and management of invasive plants, particularly in wetlands, riparian and lacustrine environments, and roadsides. He published with Publications du Qu\u00e9bec (2019, 2022) the only two books available on the subject in Eastern Canada. He also founded the Invasive Plants Training program, which to date has trained more than 2,000 people in the eco-responsible management of several noxious plants. Finally, at \u00c9SAD, he is responsible for the course dealing with natural hazards.&nbsp;<\/p>\n<\/div><div class='fiche-personnel'><\/div><\/div>\n","protected":false},"excerpt":{"rendered":"","protected":false},"author":7,"featured_media":0,"parent":4898,"menu_order":34,"comment_status":"closed","ping_status":"closed","template":"site-commun.php","meta":{"_acf_changed":false,"ngg_post_thumbnail":0,"footnotes":""},"class_list":["post-4945","page","type-page","status-publish","hentry"],"acf":[],"_links":{"self":[{"href":"https:\/\/esad.faaad.ulaval.ca\/en\/wp-json\/wp\/v2\/pages\/4945","targetHints":{"allow":["GET"]}}],"collection":[{"href":"https:\/\/esad.faaad.ulaval.ca\/en\/wp-json\/wp\/v2\/pages"}],"about":[{"href":"https:\/\/esad.faaad.ulaval.ca\/en\/wp-json\/wp\/v2\/types\/page"}],"author":[{"embeddable":true,"href":"https:\/\/esad.faaad.ulaval.ca\/en\/wp-json\/wp\/v2\/users\/7"}],"replies":[{"embeddable":true,"href":"https:\/\/esad.faaad.ulaval.ca\/en\/wp-json\/wp\/v2\/comments?post=4945"}],"version-history":[{"count":3,"href":"https:\/\/esad.faaad.ulaval.ca\/en\/wp-json\/wp\/v2\/pages\/4945\/revisions"}],"predecessor-version":[{"id":5947,"href":"https:\/\/esad.faaad.ulaval.ca\/en\/wp-json\/wp\/v2\/pages\/4945\/revisions\/5947"}],"up":[{"embeddable":true,"href":"https:\/\/esad.faaad.ulaval.ca\/en\/wp-json\/wp\/v2\/pages\/4898"}],"wp:attachment":[{"href":"https:\/\/esad.faaad.ulaval.ca\/en\/wp-json\/wp\/v2\/media?parent=4945"}],"curies":[{"name":"wp","href":"https:\/\/api.w.org\/{rel}","templated":true}]}}