{"id":4947,"date":"2012-09-20T10:56:02","date_gmt":"2012-09-20T14:56:02","guid":{"rendered":"http:\/\/www.esad.ulaval.ca\/?page_id=4947"},"modified":"2012-12-18T12:40:06","modified_gmt":"2012-12-18T16:40:06","slug":"manuel-rodriguez","status":"publish","type":"page","link":"https:\/\/esad.faaad.ulaval.ca\/en\/staff\/professors\/manuel-rodriguez","title":{"rendered":"Manuel J. Rodriguez"},"content":{"rendered":"<div class=\"membre-personnel__list\"><div class=\"row \"><h1>Manuel J. Rodriguez<\/h1>\n<div class=\"col col-md-2 no-padding photo-membre-personnel\"><img loading=\"lazy\" decoding=\"async\" width=\"120\" height=\"160\" class=\"photo-gauche\" src=\"https:\/\/www.esad.ulaval.ca\/files\/esad\/ManuelRodriguez.jpg\" border=\"0\" title=\"Manuel J. Rodriguez\"  alt=\"Manuel J. Rodriguez\" \/><\/div><div class=\"col col-md-10\"><p>Ph.D.<br>Professor<br>Pavillon F\u00e9lix-Antoine-Savard, bureau 1628<br>418 656-2131, poste 408933<br><a  href=\"javascript:smae_decode('bWFudWVsLnJvZHJpZ3VlekBlc2FkLnVsYXZhbC5jYQ==');\" >manuel.rodriguez@esad.ulaval.ca<\/a><br><span class='normes-ul-pied-page reseau-sociaux__personnel'><a target='_blank' href='https:\/\/www.linkedin.com\/in\/manuel-rodriguez-029b0b4\/?originalSubdomain=ca'><img alt='LinkedIn' height='25' width='25' style='margin-top: 5px; margin-right: 2px' src='\/wp-content\/themes\/faaad-parent\/assets\/images\/elements-generaux\/icone-linkedin.png'\/><\/a><a target='_blank' href='https:\/\/orcid.org\/0000-0003-2010-6438'><img alt='Orcid' height='25' width='25' style='margin-top: 5px; margin-right: 2px' src='\/wp-content\/themes\/faaad-parent\/assets\/images\/elements-generaux\/icone-orcid.png'\/><\/a><a target='_blank' href='https:\/\/scholar.google.com\/citations?user=gYKMgEUAAAAJ&hl=en'><img alt='Google Scholar' height='25' width='25' style='margin-top: 3px; margin-right: 2px'  src='\/wp-content\/themes\/faaad-parent\/assets\/images\/elements-generaux\/icone-google-scholar.png'\/><\/a><a target='_blank' href='https:\/\/www.researchgate.net\/profile\/Manuel-Rodriguez-98'><img alt='ResearchGate' height='25' width='25' style='margin-top: 5px; margin-right: 2px'  src='\/wp-content\/themes\/faaad-parent\/assets\/images\/elements-generaux\/icone-researchgate.png'\/><\/a><\/span><\/p><\/div><\/div><div class='fiche-personnel'><p>Manuel J. Rodriguez is a civil engineer. He has a Master\u2019s degree in Planning and Regional Development (ATDR) and a PhD in Civil Engineering (Environmental Engineering). He completed his post-doctoral fellowships in England and France, and has been a tenured professor at <a href=\"http:\/\/www.esad.ulaval.ca\/en\">\u00c9cole sup\u00e9rieure d\u2019am\u00e9nagement du territoire et de d\u00e9veloppement r\u00e9gional<\/a> (ESAD) (Graduate School of Regional Planning and Development) since 1996, where he teaches environment. Since 1997, he has been regular member of the Centre de recherche en am\u00e9nagement et d\u00e9veloppement (CRAD) at Laval University. He is currently the director of the master\u2019s and doctoral programs at ESAD.<\/p>\n<p>Professor Rodriguez\u2019s research program concerns the managing of drinking water quality. He is particularly interested in generating knowledge concerning the spatio-temporal evolution of water quality in the supply source and distribution networks, and in the development of tools for supporting decision-making in managing drinking water by municipal officials, by people in charge of regulating, and by those responsible for public health.<\/p>\n<p>Professor Rodriguez is responsible for the Research Chair on drinking water at Laval University, whose principal partners are: Quebec City, Levis, Avensys-ITF Labs, Dessau and the CRSNG. The results of his research have been published in over 70 arbitrated articles in scientific journals, and he has lectured at numerous national and international conferences.<\/p>\n<\/div><div class='fiche-personnel'><\/div><\/div>\n","protected":false},"excerpt":{"rendered":"","protected":false},"author":7,"featured_media":0,"parent":4898,"menu_order":37,"comment_status":"closed","ping_status":"closed","template":"site-commun.php","meta":{"_acf_changed":false,"ngg_post_thumbnail":0,"footnotes":""},"class_list":["post-4947","page","type-page","status-publish","hentry"],"acf":[],"_links":{"self":[{"href":"https:\/\/esad.faaad.ulaval.ca\/en\/wp-json\/wp\/v2\/pages\/4947","targetHints":{"allow":["GET"]}}],"collection":[{"href":"https:\/\/esad.faaad.ulaval.ca\/en\/wp-json\/wp\/v2\/pages"}],"about":[{"href":"https:\/\/esad.faaad.ulaval.ca\/en\/wp-json\/wp\/v2\/types\/page"}],"author":[{"embeddable":true,"href":"https:\/\/esad.faaad.ulaval.ca\/en\/wp-json\/wp\/v2\/users\/7"}],"replies":[{"embeddable":true,"href":"https:\/\/esad.faaad.ulaval.ca\/en\/wp-json\/wp\/v2\/comments?post=4947"}],"version-history":[{"count":3,"href":"https:\/\/esad.faaad.ulaval.ca\/en\/wp-json\/wp\/v2\/pages\/4947\/revisions"}],"predecessor-version":[{"id":5948,"href":"https:\/\/esad.faaad.ulaval.ca\/en\/wp-json\/wp\/v2\/pages\/4947\/revisions\/5948"}],"up":[{"embeddable":true,"href":"https:\/\/esad.faaad.ulaval.ca\/en\/wp-json\/wp\/v2\/pages\/4898"}],"wp:attachment":[{"href":"https:\/\/esad.faaad.ulaval.ca\/en\/wp-json\/wp\/v2\/media?parent=4947"}],"curies":[{"name":"wp","href":"https:\/\/api.w.org\/{rel}","templated":true}]}}