{"id":4949,"date":"2012-09-20T10:57:41","date_gmt":"2012-09-20T14:57:41","guid":{"rendered":"http:\/\/www.esad.ulaval.ca\/?page_id=4949"},"modified":"2012-12-18T12:40:10","modified_gmt":"2012-12-18T16:40:10","slug":"marius-theriault","status":"publish","type":"page","link":"https:\/\/esad.faaad.ulaval.ca\/en\/staff\/adjunt-professors\/marius-theriault","title":{"rendered":"Marius Th\u00e9riault"},"content":{"rendered":"<div class=\"membre-personnel__list\"><div class=\"row \"><h1>Marius Th\u00e9riault<\/h1>\n<div class=\"col col-md-2 no-padding photo-membre-personnel\"><img loading=\"lazy\" decoding=\"async\" width=\"120\" height=\"160\" class=\"photo-gauche\" src=\"\/\/www.esad.ulaval.ca\/files\/esad\/marius_theriault.jpg\" border=\"0\" title=\"Marius Th\u00e9riault\"  alt=\"Marius Th\u00e9riault\" \/><\/div><div class=\"col col-md-10\"><p>Ph.D.<br>Emeritus Professor<br>418 656-7685<br><a  href=\"javascript:smae_decode('bWFyaXVzLnRoZXJpYXVsdEBjcmFkLnVsYXZhbC5jYQ==');\" >marius.theriault@crad.ulaval.ca<\/a><\/p><\/div><\/div><div class='fiche-personnel'><p>Marius Th\u00e9riault is a geographer. After receiving a Bachelor\u2019s degree from the University of Quebec in Rimouski (1974), he went on to receive a Master\u2019s (1977) and a PhD (1984) from Laval University. In 2000, after 21year as a professor in the Geography department at Laval University, he moved to the \u00c9cole sup\u00e9rieure d\u2019am\u00e9nagement du territoire et de d\u00e9veloppement r\u00e9gional (\u00c9SAD) (Graduate School of Regional Planning and Development). Since 1978, he has been teaching climatology, geo-simulation of uban dynamics and transportation modeling. His research is conducted at the Centre de recherche en am\u00e9nagement et d\u00e9veloppement (CRAD) and at the Centre de recherche en g\u00e9omatique (CRG) at Laval University. He is retired since 2013 and received the emeritus professor title in 2015.<\/p>\n<p>His research interests include real estate markets, urban transportation, access to services, environment quality, geomatics and territory planning. He has been a visiting professor at several universities in Switzerland and France. The results of his research have been published in almost 50 scientific journals and he has published several books on urban dynamics, both in French and English. Lastly, he is an editor for the French edition of the Canadian Geographic magazine.<\/p>\n<\/div><div class='fiche-personnel'><\/div><\/div>\n","protected":false},"excerpt":{"rendered":"","protected":false},"author":7,"featured_media":0,"parent":5855,"menu_order":40,"comment_status":"closed","ping_status":"closed","template":"site-commun.php","meta":{"_acf_changed":false,"ngg_post_thumbnail":0,"footnotes":""},"class_list":["post-4949","page","type-page","status-publish","hentry"],"acf":[],"_links":{"self":[{"href":"https:\/\/esad.faaad.ulaval.ca\/en\/wp-json\/wp\/v2\/pages\/4949","targetHints":{"allow":["GET"]}}],"collection":[{"href":"https:\/\/esad.faaad.ulaval.ca\/en\/wp-json\/wp\/v2\/pages"}],"about":[{"href":"https:\/\/esad.faaad.ulaval.ca\/en\/wp-json\/wp\/v2\/types\/page"}],"author":[{"embeddable":true,"href":"https:\/\/esad.faaad.ulaval.ca\/en\/wp-json\/wp\/v2\/users\/7"}],"replies":[{"embeddable":true,"href":"https:\/\/esad.faaad.ulaval.ca\/en\/wp-json\/wp\/v2\/comments?post=4949"}],"version-history":[{"count":3,"href":"https:\/\/esad.faaad.ulaval.ca\/en\/wp-json\/wp\/v2\/pages\/4949\/revisions"}],"predecessor-version":[{"id":5949,"href":"https:\/\/esad.faaad.ulaval.ca\/en\/wp-json\/wp\/v2\/pages\/4949\/revisions\/5949"}],"up":[{"embeddable":true,"href":"https:\/\/esad.faaad.ulaval.ca\/en\/wp-json\/wp\/v2\/pages\/5855"}],"wp:attachment":[{"href":"https:\/\/esad.faaad.ulaval.ca\/en\/wp-json\/wp\/v2\/media?parent=4949"}],"curies":[{"name":"wp","href":"https:\/\/api.w.org\/{rel}","templated":true}]}}