{"id":5855,"date":"2012-12-12T10:08:10","date_gmt":"2012-12-12T14:08:10","guid":{"rendered":"http:\/\/www.esad.ulaval.ca\/?page_id=5855"},"modified":"2012-12-18T12:37:40","modified_gmt":"2012-12-18T16:37:40","slug":"adjunt-professors","status":"publish","type":"page","link":"https:\/\/esad.faaad.ulaval.ca\/en\/staff\/adjunt-professors","title":{"rendered":"Adjunt Professors"},"content":{"rendered":"<h1>Adjunt Professors<\/h1>\n<div class=\"membre-personnel__list\"><div class=\"row membre-personnel__block\"><div class=\"col col-md-2 no-padding photo-membre-personnel\"><img loading=\"lazy\" decoding=\"async\" width=\"120\" height=\"160\" class=\"photo-gauche\" src=\"https:\/\/www.esad.ulaval.ca\/files\/esad\/PhotoBehmelSonja-1.jpg\" border=\"0\" title=\"Sonja Behmel\"  alt=\"Sonja Behmel\" \/><\/div><div class=\"col col-md-10\"><p><strong>Sonja Behmel<\/strong><br>Ph.D.<br>Associate professor<br>Pr\u00e9sidente, WaterShed Monitoring<br><a  href=\"javascript:smae_decode('c2JlaG1lbEB3YXRlcnNoZWRtb25pdG9yaW5nLmNvbQ==');\" >sbehmel@watershedmonitoring.com<\/a><br><a href='https:\/\/watershedmonitoring.com\/' class='externe'>https:\/\/watershedmonitoring.com\/<\/a><\/p><\/div><\/div><div class=\"row membre-personnel__block\"><div class=\"col col-md-2 no-padding photo-membre-personnel\"><img loading=\"lazy\" decoding=\"async\" width=\"120\" height=\"160\" class=\"photo-gauche\" src=\"https:\/\/esad.faaad.ulaval.ca\/files\/sans-photo.jpg\" border=\"0\" title=\"Maxime Boivin\"  alt=\"Maxime Boivin\" \/><\/div><div class=\"col col-md-10\"><p><strong>Maxime Boivin<\/strong><br>Ph.D.<br>Associate professor<br>Professeur, d\u00e9partement des sciences humaines et sociales, UQAC<br><a  href=\"javascript:smae_decode('IG1heGltZTJfYm9pdmluQHVxYWMuY2E=');\" > maxime2_boivin@uqac.ca<\/a><br><a href='http:\/\/www.uqac.ca\/portfolio\/maximeboivin\/' class='externe'>www.uqac.ca\/portfolio\/maximeboivin\/<\/a><\/p><\/div><\/div><div class=\"row membre-personnel__block\"><div class=\"col col-md-2 no-padding photo-membre-personnel\"><img loading=\"lazy\" decoding=\"async\" width=\"120\" height=\"160\" class=\"photo-gauche\" src=\"\/\/www.esad.ulaval.ca\/files\/esad\/claude-dube.jpg\" border=\"0\" title=\"Claude Dub\u00e9\"  alt=\"Claude Dub\u00e9\" \/><\/div><div class=\"col col-md-10\"><p><strong>Claude Dub\u00e9<\/strong><br>M.Urb., OUQ<br>Emeritus professor<br>418 656-7685<br><a  href=\"javascript:smae_decode('Y2xhdWRlLmR1YmVAZmFhYWQudWxhdmFsLmNh');\" >claude.dube@faaad.ulaval.ca<\/a><\/p><\/div><\/div><div class=\"row membre-personnel__block\"><div class=\"col col-md-2 no-padding photo-membre-personnel\"><img loading=\"lazy\" decoding=\"async\" width=\"120\" height=\"160\" class=\"photo-gauche\" src=\"\/\/www.esad.ulaval.ca\/files\/esad\/florent_joerin.jpg\" border=\"0\" title=\"Florent Joerin\"  alt=\"Florent Joerin\" \/><\/div><div class=\"col col-md-10\"><p><strong><a href=\"https:\/\/esad.faaad.ulaval.ca\/en\/staff\/adjunt-professors\/florent-joerin\">Florent Joerin<\/a><\/strong><br>Ph.D.<br>Associate professor<br>Professeur, Haute \u00c9cole d'ing\u00e9nierie et de gestion du Canton de Vaud, Yverdon les Bains, Suisse<br><a  href=\"javascript:smae_decode('ZmxvcmVudC5qb2VyaW5AaGVpZy12ZC5jaA==');\" >florent.joerin@heig-vd.ch<\/a><\/p><\/div><\/div><div class=\"row membre-personnel__block\"><div class=\"col col-md-2 no-padding photo-membre-personnel\"><img loading=\"lazy\" decoding=\"async\" width=\"120\" height=\"160\" class=\"photo-gauche\" src=\"https:\/\/www.esad.ulaval.ca\/files\/esad\/PhotoLefebvreRene.jpg\" border=\"0\" title=\"Ren\u00e9 Lefebvre\"  alt=\"Ren\u00e9 Lefebvre\" \/><\/div><div class=\"col col-md-10\"><p><strong>Ren\u00e9 Lefebvre<\/strong><br>Associate Professor<br>Professeur, Centre Eau Terre Environnement - INRS<br><a  href=\"javascript:smae_decode('cmVuZS5sZWZlYnZyZUBpbnJzLmNh');\" >rene.lefebvre@inrs.ca<\/a><\/p><\/div><\/div><div class=\"row membre-personnel__block\"><div class=\"col col-md-2 no-padding photo-membre-personnel\"><img loading=\"lazy\" decoding=\"async\" width=\"120\" height=\"160\" class=\"photo-gauche\" src=\"\/\/www.esad.ulaval.ca\/files\/esad\/PhotoLudwigRalf.jpg\" border=\"0\" title=\"Ralf Ludwig\"  alt=\"Ralf Ludwig\" \/><\/div><div class=\"col col-md-10\"><p><strong><a href=\"https:\/\/esad.faaad.ulaval.ca\/en\/staff\/adjunt-professors\/ralf-ludwig\">Ralf Ludwig<\/a><\/strong><br>Adjunct professor<br>Professor in Physical Geography and Environmental Modeling<br>Lehrstuhl f\u00fcr Geographie und geographische Fernerkundung<br>Luisenstra\u00dfe 37<br>80333 M\u00fcnchen<br><a  href=\"javascript:smae_decode('ci5sdWR3aWdAbG11LmRl');\" >r.ludwig@lmu.de<\/a><\/p><\/div><\/div><div class=\"row membre-personnel__block\"><div class=\"col col-md-2 no-padding photo-membre-personnel\"><img loading=\"lazy\" decoding=\"async\" width=\"120\" height=\"160\" class=\"photo-gauche\" src=\"\/\/www.esad.ulaval.ca\/files\/esad\/PhotoProulxFrancois.jpg\" border=\"0\" title=\"Fran\u00e7ois Proulx\"  alt=\"Fran\u00e7ois Proulx\" \/><\/div><div class=\"col col-md-10\"><p><strong>Fran\u00e7ois Proulx<\/strong><br>Ph.D.<br>Associate professor<br>Ville de Qu\u00e9bec<br>418-656-2131 poste 403803<br><a  href=\"javascript:smae_decode('ZnJhbmNvaXMucHJvdWx4QGVzYWQudWxhdmFsLmNh');\" >francois.proulx@esad.ulaval.ca<\/a><\/p><\/div><\/div><div class=\"row membre-personnel__block\"><div class=\"col col-md-2 no-padding photo-membre-personnel\"><img loading=\"lazy\" decoding=\"async\" width=\"120\" height=\"160\" class=\"photo-gauche\" src=\"\/\/www.esad.ulaval.ca\/files\/esad\/marius_theriault.jpg\" border=\"0\" title=\"Marius Th\u00e9riault\"  alt=\"Marius Th\u00e9riault\" \/><\/div><div class=\"col col-md-10\"><p><strong><a href=\"https:\/\/esad.faaad.ulaval.ca\/en\/staff\/adjunt-professors\/marius-theriault\">Marius Th\u00e9riault<\/a><\/strong><br>Ph.D.<br>Emeritus Professor<br>418 656-7685<br><a  href=\"javascript:smae_decode('bWFyaXVzLnRoZXJpYXVsdEBjcmFkLnVsYXZhbC5jYQ==');\" >marius.theriault@crad.ulaval.ca<\/a><\/p><\/div><\/div><div class=\"row membre-personnel__block\"><div class=\"col col-md-2 no-padding photo-membre-personnel\"><img loading=\"lazy\" decoding=\"async\" width=\"120\" height=\"160\" class=\"photo-gauche\" src=\"\/\/www.esad.ulaval.ca\/files\/esad\/PhotoWaygoodOwen.jpg\" border=\"0\" title=\"Owen Waygood\"  alt=\"Owen Waygood\" \/><\/div><div class=\"col col-md-10\"><p><strong>Owen Waygood<\/strong><br>Ph.D.<br>Associate Professor<br>Professeur, D\u00e9partement des g\u00e9nies civil, g\u00e9ologique et des mines, Polytechnique Montr\u00e9al<br><a  href=\"javascript:smae_decode('b3dlbi53YXlnb29kQHBvbHltdGwuY2E=');\" >owen.waygood@polymtl.ca<\/a><\/p><\/div><\/div><\/div>\n<div>\u00a0<\/div>\n","protected":false},"excerpt":{"rendered":"<p>Adjunt Professors \u00a0<\/p>\n","protected":false},"author":7,"featured_media":0,"parent":4897,"menu_order":42,"comment_status":"closed","ping_status":"closed","template":"site-commun.php","meta":{"_acf_changed":false,"ngg_post_thumbnail":0,"footnotes":""},"class_list":["post-5855","page","type-page","status-publish","hentry"],"acf":[],"_links":{"self":[{"href":"https:\/\/esad.faaad.ulaval.ca\/en\/wp-json\/wp\/v2\/pages\/5855","targetHints":{"allow":["GET"]}}],"collection":[{"href":"https:\/\/esad.faaad.ulaval.ca\/en\/wp-json\/wp\/v2\/pages"}],"about":[{"href":"https:\/\/esad.faaad.ulaval.ca\/en\/wp-json\/wp\/v2\/types\/page"}],"author":[{"embeddable":true,"href":"https:\/\/esad.faaad.ulaval.ca\/en\/wp-json\/wp\/v2\/users\/7"}],"replies":[{"embeddable":true,"href":"https:\/\/esad.faaad.ulaval.ca\/en\/wp-json\/wp\/v2\/comments?post=5855"}],"version-history":[{"count":3,"href":"https:\/\/esad.faaad.ulaval.ca\/en\/wp-json\/wp\/v2\/pages\/5855\/revisions"}],"predecessor-version":[{"id":5911,"href":"https:\/\/esad.faaad.ulaval.ca\/en\/wp-json\/wp\/v2\/pages\/5855\/revisions\/5911"}],"up":[{"embeddable":true,"href":"https:\/\/esad.faaad.ulaval.ca\/en\/wp-json\/wp\/v2\/pages\/4897"}],"wp:attachment":[{"href":"https:\/\/esad.faaad.ulaval.ca\/en\/wp-json\/wp\/v2\/media?parent=5855"}],"curies":[{"name":"wp","href":"https:\/\/api.w.org\/{rel}","templated":true}]}}